{"id":7,"date":"2021-10-18T15:18:48","date_gmt":"2021-10-18T12:18:48","guid":{"rendered":"https:\/\/kulaus.fi\/club-10th-street\/?page_id=7"},"modified":"2026-02-16T15:10:40","modified_gmt":"2026-02-16T13:10:40","slug":"ota-yhteytta","status":"publish","type":"page","link":"https:\/\/kulaus.fi\/alakulaus\/ota-yhteytta\/","title":{"rendered":"Ota yhteytt\u00e4"},"content":{"rendered":"\n<p>Osoite:&nbsp;Kalevankatu 10, 60100 Sein\u00e4joki<\/p>\n\n\n\n<p>S\u00e4hk\u00f6posti: Samu.Liesivesi@icloud.com<\/p>\n\n\n\n<p>Puhelin: +064144074<\/p>\n\n\n\n<p>Aukioloajat:<\/p>\n\n\n\n<p>sunnuntai &#8211; torstai: SULJETTU<\/p>\n\n\n\n<p>perjantai &#8211; lauantai: 22.00-04.00<\/p>\n\n\n\n<p><\/p>\n","protected":false},"excerpt":{"rendered":"<p>Osoite:&nbsp;Kalevankatu 10, 60100 Sein\u00e4joki S\u00e4hk\u00f6posti: Samu.Liesivesi@icloud.com Puhelin: +064144074 Aukioloajat: sunnuntai &#8211; torstai: SULJETTU perjantai &#8211; lauantai: 22.00-04.00<\/p>\n","protected":false},"author":1,"featured_media":0,"parent":0,"menu_order":0,"comment_status":"closed","ping_status":"closed","template":"","meta":{"footnotes":""},"class_list":["post-7","page","type-page","status-publish","hentry"],"_links":{"self":[{"href":"https:\/\/kulaus.fi\/alakulaus\/wp-json\/wp\/v2\/pages\/7","targetHints":{"allow":["GET"]}}],"collection":[{"href":"https:\/\/kulaus.fi\/alakulaus\/wp-json\/wp\/v2\/pages"}],"about":[{"href":"https:\/\/kulaus.fi\/alakulaus\/wp-json\/wp\/v2\/types\/page"}],"author":[{"embeddable":true,"href":"https:\/\/kulaus.fi\/alakulaus\/wp-json\/wp\/v2\/users\/1"}],"replies":[{"embeddable":true,"href":"https:\/\/kulaus.fi\/alakulaus\/wp-json\/wp\/v2\/comments?post=7"}],"version-history":[{"count":4,"href":"https:\/\/kulaus.fi\/alakulaus\/wp-json\/wp\/v2\/pages\/7\/revisions"}],"predecessor-version":[{"id":114,"href":"https:\/\/kulaus.fi\/alakulaus\/wp-json\/wp\/v2\/pages\/7\/revisions\/114"}],"wp:attachment":[{"href":"https:\/\/kulaus.fi\/alakulaus\/wp-json\/wp\/v2\/media?parent=7"}],"curies":[{"name":"wp","href":"https:\/\/api.w.org\/{rel}","templated":true}]}}